{"id":507,"date":"2024-11-01T16:37:34","date_gmt":"2024-11-01T16:37:34","guid":{"rendered":"https:\/\/www.cesasolarenergy.com\/?page_id=507"},"modified":"2024-11-01T16:40:07","modified_gmt":"2024-11-01T16:40:07","slug":"blog","status":"publish","type":"page","link":"https:\/\/www.cesasolarenergy.com\/en\/blog\/","title":{"rendered":"Blog"},"content":{"rendered":"<div data-elementor-type=\"wp-page\" data-elementor-id=\"507\" class=\"elementor elementor-507\" data-elementor-post-type=\"page\">\n\t\t\t\t\t\t<section class=\"elementor-section elementor-top-section elementor-element elementor-element-af80d5d elementor-section-boxed elementor-section-height-default elementor-section-height-default\" data-id=\"af80d5d\" data-element_type=\"section\">\n\t\t\t\t\t\t<div class=\"elementor-container elementor-column-gap-default\">\n\t\t\t\t\t<div class=\"elementor-column elementor-col-100 elementor-top-column elementor-element elementor-element-a7bb21f\" data-id=\"a7bb21f\" data-element_type=\"column\">\n\t\t\t<div class=\"elementor-widget-wrap elementor-element-populated\">\n\t\t\t\t\t\t<div class=\"elementor-element elementor-element-77b6538 elementor-grid-2 elementor-grid-tablet-2 elementor-grid-mobile-1 elementor-posts--thumbnail-top elementor-widget elementor-widget-posts\" data-id=\"77b6538\" data-element_type=\"widget\" data-settings=\"{&quot;classic_columns&quot;:&quot;2&quot;,&quot;pagination_type&quot;:&quot;numbers_and_prev_next&quot;,&quot;classic_columns_tablet&quot;:&quot;2&quot;,&quot;classic_columns_mobile&quot;:&quot;1&quot;,&quot;classic_row_gap&quot;:{&quot;unit&quot;:&quot;px&quot;,&quot;size&quot;:35,&quot;sizes&quot;:[]},&quot;classic_row_gap_tablet&quot;:{&quot;unit&quot;:&quot;px&quot;,&quot;size&quot;:&quot;&quot;,&quot;sizes&quot;:[]},&quot;classic_row_gap_mobile&quot;:{&quot;unit&quot;:&quot;px&quot;,&quot;size&quot;:&quot;&quot;,&quot;sizes&quot;:[]}}\" data-widget_type=\"posts.classic\">\n\t\t\t\t<div class=\"elementor-widget-container\">\n\t\t\t\t\t\t\t<div class=\"elementor-posts-container elementor-posts elementor-posts--skin-classic elementor-grid\">\n\t\t\t\t<article class=\"elementor-post elementor-grid-item post-590 post type-post status-publish format-standard has-post-thumbnail hentry category-uncategorized\">\n\t\t\t\t<a class=\"elementor-post__thumbnail__link\" href=\"https:\/\/www.cesasolarenergy.com\/en\/capacitacion-fronius-experience-innovacion-y-eficiencia-con-los-inversores-gen24-y-tauro\/\" tabindex=\"-1\" >\n\t\t\t<div class=\"elementor-post__thumbnail\"><img fetchpriority=\"high\" decoding=\"async\" width=\"300\" height=\"300\" src=\"https:\/\/www.cesasolarenergy.com\/wp-content\/uploads\/2025\/11\/cesa-logo-cesa-300x300.jpg\" class=\"attachment-medium size-medium wp-image-615\" alt=\"\" srcset=\"https:\/\/www.cesasolarenergy.com\/wp-content\/uploads\/2025\/11\/cesa-logo-cesa-300x300.jpg 300w, https:\/\/www.cesasolarenergy.com\/wp-content\/uploads\/2025\/11\/cesa-logo-cesa-150x150.jpg 150w, https:\/\/www.cesasolarenergy.com\/wp-content\/uploads\/2025\/11\/cesa-logo-cesa-12x12.jpg 12w, https:\/\/www.cesasolarenergy.com\/wp-content\/uploads\/2025\/11\/cesa-logo-cesa.jpg 500w\" sizes=\"(max-width: 300px) 100vw, 300px\" \/><\/div>\n\t\t<\/a>\n\t\t\t\t<div class=\"elementor-post__text\">\n\t\t\t\t<h3 class=\"elementor-post__title\">\n\t\t\t<a href=\"https:\/\/www.cesasolarenergy.com\/en\/capacitacion-fronius-experience-innovacion-y-eficiencia-con-los-inversores-gen24-y-tauro\/\" >\n\t\t\t\tCapacitaci\u00f3n Fronius Experience:Innovaci\u00f3n y eficiencia con los inversores GEN24 y Tauro\t\t\t<\/a>\n\t\t<\/h3>\n\t\t\t\t<div class=\"elementor-post__meta-data\">\n\t\t\t\t\t<span class=\"elementor-post-date\">\n\t\t\tNovember 7, 2025\t\t<\/span>\n\t\t\t\t<\/div>\n\t\t\t\t<div class=\"elementor-post__excerpt\">\n\t\t\t<p>En CESA tuvimos el honor de recibir la visita del equipo de Fronius, con quienes compartimos una jornada de formaci\u00f3n t\u00e9cnica y pr\u00e1ctica sobre sus<\/p>\n\t\t<\/div>\n\t\t\n\t\t<a class=\"elementor-post__read-more\" href=\"https:\/\/www.cesasolarenergy.com\/en\/capacitacion-fronius-experience-innovacion-y-eficiencia-con-los-inversores-gen24-y-tauro\/\" aria-label=\"Read more about Capacitaci\u00f3n Fronius Experience:Innovaci\u00f3n y eficiencia con los inversores GEN24 y Tauro\" tabindex=\"-1\" >\n\t\t\tVer m\u00e1s \u00bb\t\t<\/a>\n\n\t\t\t\t<\/div>\n\t\t\t\t<\/article>\n\t\t\t\t<article class=\"elementor-post elementor-grid-item post-477 post type-post status-publish format-standard has-post-thumbnail hentry category-uncategorized\">\n\t\t\t\t<a class=\"elementor-post__thumbnail__link\" href=\"https:\/\/www.cesasolarenergy.com\/en\/energia-solar-sin-limites-la-fiabilidad-y-flexibilidad-de-los-inversores-fronius-con-cesa-solar-energy\/\" tabindex=\"-1\" >\n\t\t\t<div class=\"elementor-post__thumbnail\"><img decoding=\"async\" width=\"300\" height=\"225\" src=\"https:\/\/www.cesasolarenergy.com\/wp-content\/uploads\/2024\/10\/f1-300x225.jpg\" class=\"attachment-medium size-medium wp-image-478\" alt=\"\" srcset=\"https:\/\/www.cesasolarenergy.com\/wp-content\/uploads\/2024\/10\/f1-300x225.jpg 300w, https:\/\/www.cesasolarenergy.com\/wp-content\/uploads\/2024\/10\/f1-1024x768.jpg 1024w, https:\/\/www.cesasolarenergy.com\/wp-content\/uploads\/2024\/10\/f1-768x576.jpg 768w, https:\/\/www.cesasolarenergy.com\/wp-content\/uploads\/2024\/10\/f1-16x12.jpg 16w, https:\/\/www.cesasolarenergy.com\/wp-content\/uploads\/2024\/10\/f1.jpg 1280w\" sizes=\"(max-width: 300px) 100vw, 300px\" \/><\/div>\n\t\t<\/a>\n\t\t\t\t<div class=\"elementor-post__text\">\n\t\t\t\t<h3 class=\"elementor-post__title\">\n\t\t\t<a href=\"https:\/\/www.cesasolarenergy.com\/en\/energia-solar-sin-limites-la-fiabilidad-y-flexibilidad-de-los-inversores-fronius-con-cesa-solar-energy\/\" >\n\t\t\t\tEnerg\u00eda solar sin l\u00edmites: La fiabilidad y flexibilidad de los inversores Fronius con Cesa Solar Energy\t\t\t<\/a>\n\t\t<\/h3>\n\t\t\t\t<div class=\"elementor-post__meta-data\">\n\t\t\t\t\t<span class=\"elementor-post-date\">\n\t\t\tOctober 30, 2024\t\t<\/span>\n\t\t\t\t<\/div>\n\t\t\t\t<div class=\"elementor-post__excerpt\">\n\t\t\t<p>Los inversores Fronius se adaptan a cada necesidad, ofreciendo soluciones de energ\u00eda solar que priorizan la sostenibilidad y la eficiencia. Cesa Solar Energy respalda los<\/p>\n\t\t<\/div>\n\t\t\n\t\t<a class=\"elementor-post__read-more\" href=\"https:\/\/www.cesasolarenergy.com\/en\/energia-solar-sin-limites-la-fiabilidad-y-flexibilidad-de-los-inversores-fronius-con-cesa-solar-energy\/\" aria-label=\"Read more about Energ\u00eda solar sin l\u00edmites: La fiabilidad y flexibilidad de los inversores Fronius con Cesa Solar Energy\" tabindex=\"-1\" >\n\t\t\tVer m\u00e1s \u00bb\t\t<\/a>\n\n\t\t\t\t<\/div>\n\t\t\t\t<\/article>\n\t\t\t\t<article class=\"elementor-post elementor-grid-item post-474 post type-post status-publish format-standard has-post-thumbnail hentry category-uncategorized\">\n\t\t\t\t<a class=\"elementor-post__thumbnail__link\" href=\"https:\/\/www.cesasolarenergy.com\/en\/buscas-un-inversor-confiable-descubre-por-que-fronius-marca-la-diferencia-en-eficiencia-y-durabilidad-en-energia-solar\/\" tabindex=\"-1\" >\n\t\t\t<div class=\"elementor-post__thumbnail\"><img decoding=\"async\" width=\"225\" height=\"300\" src=\"https:\/\/www.cesasolarenergy.com\/wp-content\/uploads\/2024\/10\/f3-225x300.jpg\" class=\"attachment-medium size-medium wp-image-475\" alt=\"\" srcset=\"https:\/\/www.cesasolarenergy.com\/wp-content\/uploads\/2024\/10\/f3-225x300.jpg 225w, https:\/\/www.cesasolarenergy.com\/wp-content\/uploads\/2024\/10\/f3-770x1024.jpg 770w, https:\/\/www.cesasolarenergy.com\/wp-content\/uploads\/2024\/10\/f3-768x1022.jpg 768w, https:\/\/www.cesasolarenergy.com\/wp-content\/uploads\/2024\/10\/f3-9x12.jpg 9w, https:\/\/www.cesasolarenergy.com\/wp-content\/uploads\/2024\/10\/f3.jpg 962w\" sizes=\"(max-width: 225px) 100vw, 225px\" \/><\/div>\n\t\t<\/a>\n\t\t\t\t<div class=\"elementor-post__text\">\n\t\t\t\t<h3 class=\"elementor-post__title\">\n\t\t\t<a href=\"https:\/\/www.cesasolarenergy.com\/en\/buscas-un-inversor-confiable-descubre-por-que-fronius-marca-la-diferencia-en-eficiencia-y-durabilidad-en-energia-solar\/\" >\n\t\t\t\t\u00bfBuscas un inversor confiable? Descubre por qu\u00e9 Fronius marca la diferencia en eficiencia y durabilidad en energ\u00eda solar.\t\t\t<\/a>\n\t\t<\/h3>\n\t\t\t\t<div class=\"elementor-post__meta-data\">\n\t\t\t\t\t<span class=\"elementor-post-date\">\n\t\t\tOctober 30, 2024\t\t<\/span>\n\t\t\t\t<\/div>\n\t\t\t\t<div class=\"elementor-post__excerpt\">\n\t\t\t<p>Para quienes buscan una inversi\u00f3n de calidad en energ\u00eda solar, Fronius es sin\u00f3nimo de eficiencia, confiabilidad y sostenibilidad. La tecnolog\u00eda de Fronius no solo optimiza<\/p>\n\t\t<\/div>\n\t\t\n\t\t<a class=\"elementor-post__read-more\" href=\"https:\/\/www.cesasolarenergy.com\/en\/buscas-un-inversor-confiable-descubre-por-que-fronius-marca-la-diferencia-en-eficiencia-y-durabilidad-en-energia-solar\/\" aria-label=\"Read more about \u00bfBuscas un inversor confiable? Descubre por qu\u00e9 Fronius marca la diferencia en eficiencia y durabilidad en energ\u00eda solar.\" tabindex=\"-1\" >\n\t\t\tVer m\u00e1s \u00bb\t\t<\/a>\n\n\t\t\t\t<\/div>\n\t\t\t\t<\/article>\n\t\t\t\t<article class=\"elementor-post elementor-grid-item post-471 post type-post status-publish format-standard has-post-thumbnail hentry category-uncategorized\">\n\t\t\t\t<a class=\"elementor-post__thumbnail__link\" href=\"https:\/\/www.cesasolarenergy.com\/en\/convierte-cada-rayo-de-sol-en-energia-por-que-fronius-es-el-mejor-aliado-de-tu-sistema-solar\/\" tabindex=\"-1\" >\n\t\t\t<div class=\"elementor-post__thumbnail\"><img loading=\"lazy\" decoding=\"async\" width=\"225\" height=\"300\" src=\"https:\/\/www.cesasolarenergy.com\/wp-content\/uploads\/2024\/10\/f4-225x300.jpg\" class=\"attachment-medium size-medium wp-image-472\" alt=\"\" srcset=\"https:\/\/www.cesasolarenergy.com\/wp-content\/uploads\/2024\/10\/f4-225x300.jpg 225w, https:\/\/www.cesasolarenergy.com\/wp-content\/uploads\/2024\/10\/f4-770x1024.jpg 770w, https:\/\/www.cesasolarenergy.com\/wp-content\/uploads\/2024\/10\/f4-768x1022.jpg 768w, https:\/\/www.cesasolarenergy.com\/wp-content\/uploads\/2024\/10\/f4-9x12.jpg 9w, https:\/\/www.cesasolarenergy.com\/wp-content\/uploads\/2024\/10\/f4.jpg 962w\" sizes=\"(max-width: 225px) 100vw, 225px\" \/><\/div>\n\t\t<\/a>\n\t\t\t\t<div class=\"elementor-post__text\">\n\t\t\t\t<h3 class=\"elementor-post__title\">\n\t\t\t<a href=\"https:\/\/www.cesasolarenergy.com\/en\/convierte-cada-rayo-de-sol-en-energia-por-que-fronius-es-el-mejor-aliado-de-tu-sistema-solar\/\" >\n\t\t\t\tConvierte cada rayo de sol en energ\u00eda: \u00bfPor qu\u00e9 Fronius es el mejor aliado de tu sistema solar?\t\t\t<\/a>\n\t\t<\/h3>\n\t\t\t\t<div class=\"elementor-post__meta-data\">\n\t\t\t\t\t<span class=\"elementor-post-date\">\n\t\t\tOctober 30, 2024\t\t<\/span>\n\t\t\t\t<\/div>\n\t\t\t\t<div class=\"elementor-post__excerpt\">\n\t\t\t<p>Si est\u00e1s buscando sacar el m\u00e1ximo provecho de tu sistema de energ\u00eda solar, Fronius es el inversor ideal. Como marca confiable, transforma cada rayo de<\/p>\n\t\t<\/div>\n\t\t\n\t\t<a class=\"elementor-post__read-more\" href=\"https:\/\/www.cesasolarenergy.com\/en\/convierte-cada-rayo-de-sol-en-energia-por-que-fronius-es-el-mejor-aliado-de-tu-sistema-solar\/\" aria-label=\"Read more about Convierte cada rayo de sol en energ\u00eda: \u00bfPor qu\u00e9 Fronius es el mejor aliado de tu sistema solar?\" tabindex=\"-1\" >\n\t\t\tVer m\u00e1s \u00bb\t\t<\/a>\n\n\t\t\t\t<\/div>\n\t\t\t\t<\/article>\n\t\t\t\t<\/div>\n\t\t\n\t\t\t\t\t\t<\/div>\n\t\t\t\t<\/div>\n\t\t\t\t\t<\/div>\n\t\t<\/div>\n\t\t\t\t\t<\/div>\n\t\t<\/section>\n\t\t\t\t<\/div>","protected":false},"excerpt":{"rendered":"","protected":false},"author":3,"featured_media":0,"parent":0,"menu_order":0,"comment_status":"closed","ping_status":"closed","template":"elementor_header_footer","meta":{"footnotes":""},"class_list":["post-507","page","type-page","status-publish","hentry"],"_links":{"self":[{"href":"https:\/\/www.cesasolarenergy.com\/en\/wp-json\/wp\/v2\/pages\/507","targetHints":{"allow":["GET"]}}],"collection":[{"href":"https:\/\/www.cesasolarenergy.com\/en\/wp-json\/wp\/v2\/pages"}],"about":[{"href":"https:\/\/www.cesasolarenergy.com\/en\/wp-json\/wp\/v2\/types\/page"}],"author":[{"embeddable":true,"href":"https:\/\/www.cesasolarenergy.com\/en\/wp-json\/wp\/v2\/users\/3"}],"replies":[{"embeddable":true,"href":"https:\/\/www.cesasolarenergy.com\/en\/wp-json\/wp\/v2\/comments?post=507"}],"version-history":[{"count":7,"href":"https:\/\/www.cesasolarenergy.com\/en\/wp-json\/wp\/v2\/pages\/507\/revisions"}],"predecessor-version":[{"id":514,"href":"https:\/\/www.cesasolarenergy.com\/en\/wp-json\/wp\/v2\/pages\/507\/revisions\/514"}],"wp:attachment":[{"href":"https:\/\/www.cesasolarenergy.com\/en\/wp-json\/wp\/v2\/media?parent=507"}],"curies":[{"name":"wp","href":"https:\/\/api.w.org\/{rel}","templated":true}]}}